{"id":97,"date":"2018-05-07T08:26:58","date_gmt":"2018-05-07T06:26:58","guid":{"rendered":"http:\/\/www.smdiament.pl\/wordpress\/?page_id=97"},"modified":"2024-02-22T12:14:03","modified_gmt":"2024-02-22T11:14:03","slug":"ogloszenia","status":"publish","type":"page","link":"https:\/\/www.smdiament.pl\/index.php\/ogloszenia\/","title":{"rendered":"Lokale mieszkalne i u\u017cytkowe"},"content":{"rendered":"<p>Wszelkiego rodzaju og\u0142oszenia znajduj\u0105 si\u0119 w odpowiednich zak\u0142adkach<\/p>\n","protected":false},"excerpt":{"rendered":"<p>Wszelkiego rodzaju og\u0142oszenia znajduj\u0105 si\u0119 w odpowiednich zak\u0142adkach<\/p>\n","protected":false},"author":2,"featured_media":0,"parent":0,"menu_order":0,"comment_status":"closed","ping_status":"closed","template":"","meta":{"footnotes":""},"class_list":["post-97","page","type-page","status-publish","hentry"],"_links":{"self":[{"href":"https:\/\/www.smdiament.pl\/index.php\/wp-json\/wp\/v2\/pages\/97","targetHints":{"allow":["GET"]}}],"collection":[{"href":"https:\/\/www.smdiament.pl\/index.php\/wp-json\/wp\/v2\/pages"}],"about":[{"href":"https:\/\/www.smdiament.pl\/index.php\/wp-json\/wp\/v2\/types\/page"}],"author":[{"embeddable":true,"href":"https:\/\/www.smdiament.pl\/index.php\/wp-json\/wp\/v2\/users\/2"}],"replies":[{"embeddable":true,"href":"https:\/\/www.smdiament.pl\/index.php\/wp-json\/wp\/v2\/comments?post=97"}],"version-history":[{"count":2,"href":"https:\/\/www.smdiament.pl\/index.php\/wp-json\/wp\/v2\/pages\/97\/revisions"}],"predecessor-version":[{"id":3826,"href":"https:\/\/www.smdiament.pl\/index.php\/wp-json\/wp\/v2\/pages\/97\/revisions\/3826"}],"wp:attachment":[{"href":"https:\/\/www.smdiament.pl\/index.php\/wp-json\/wp\/v2\/media?parent=97"}],"curies":[{"name":"wp","href":"https:\/\/api.w.org\/{rel}","templated":true}]}}