{"id":9,"date":"2018-05-02T17:30:10","date_gmt":"2018-05-02T15:30:10","guid":{"rendered":"http:\/\/www.smdiament.pl\/wordpress\/?page_id=9"},"modified":"2025-05-29T08:43:06","modified_gmt":"2025-05-29T06:43:06","slug":"sekcja-strony-glownej","status":"publish","type":"page","link":"https:\/\/www.smdiament.pl\/index.php\/sekcja-strony-glownej\/","title":{"rendered":"Telefony awaryjne"},"content":{"rendered":"<p><span style=\"color: #0000ff;\"><strong>POGOTOWIE AWARYJNE (Sp\u00f3\u0142dzielni Mieszkaniowej)&nbsp;<\/strong><\/span><\/p>\n<p><strong>tel.<\/strong>&nbsp;<strong>32 281 20 33<\/strong><\/p>\n<p><span style=\"color: #0000ff;\"><strong>POGOTOWIE ELEKTRYCZNE (Sp\u00f3\u0142dzielni Mieszkaniowej)<\/strong><\/span><\/p>\n<p><strong>tel.<\/strong>&nbsp;<strong>796 396 558<\/strong><\/p>\n<p><span style=\"color: #0000ff;\"><strong>POGOTOWIE D\u0179WIGOWE<\/strong> <strong>(Sp\u00f3\u0142dzielni Mieszkaniowej)<\/strong><\/span><\/p>\n<p><strong>tel. 601 515 812<\/strong><\/p>\n<p><span style=\"color: #0000ff;\"><strong>NUMERY ALARMOWE&nbsp;<\/strong><\/span><\/p>\n<p><strong>112<\/strong> \u2013 Centrum Powiadamiania Ratunkowego<\/p>\n<p><strong>997<\/strong> \u2013 Policja<\/p>\n<p><strong>998<\/strong>&nbsp;\u2013 Stra\u017c Po\u017carna<\/p>\n<p><strong>999<\/strong>&nbsp;\u2013 Pogotowie Ratunkowe<\/p>\n<p><strong>986<\/strong>&nbsp;\u2013 Stra\u017c Miejska<\/p>\n<p><span style=\"color: #0000ff;\"><strong>POGOTOWIE CIEP\u0141OWNICZE<\/strong><\/span><\/p>\n<p>ADM Piekary \u015al\u0105skie \u2013 MPEC tel.&nbsp;<strong>32 767 07 85,&nbsp;<\/strong><strong>601 541 463<\/strong><\/p>\n<p>ADM Chorz\u00f3w, Katowice \u2013 TAURON CIEP\u0141O tel.&nbsp;<strong>993<\/strong><\/p>\n<p><span style=\"color: #0000ff;\"><strong>POGOTOWIE GAZOWE<\/strong><\/span><\/p>\n<p>ADM Piekary \u015al\u0105skie, Chorz\u00f3w, Katowice tel.&nbsp;<strong>992<\/strong><\/p>\n<p><span style=\"color: #0000ff;\"><strong>POGOTOWIE ENERGETYCZNE<\/strong><\/span><\/p>\n<p>ADM Piekary \u015al\u0105skie, Chorz\u00f3w, Katowice tel.&nbsp;<strong>991<\/strong><\/p>\n<p><span style=\"color: #0000ff;\"><strong>POGOTOWIE WODNO \u2013 KANALIZACYJNE<\/strong><\/span><\/p>\n<p>ADM Piekary \u015al\u0105skie tel.&nbsp;<strong>32 287 13 08<\/strong>, tel.&nbsp;<strong>601 503 475<\/strong><\/p>\n<p>ADM Chorz\u00f3w, Katowice tel.&nbsp;<strong>994, <\/strong><strong style=\"font-size: revert; color: initial;\">32 281 20 33<\/strong><\/p>\n","protected":false},"excerpt":{"rendered":"<p>POGOTOWIE AWARYJNE (Sp\u00f3\u0142dzielni Mieszkaniowej)&nbsp; tel.&nbsp;32 281 20 33 POGOTOWIE ELEKTRYCZNE (Sp\u00f3\u0142dzielni Mieszkaniowej) tel.&nbsp;796 396 558 POGOTOWIE D\u0179WIGOWE (Sp\u00f3\u0142dzielni Mieszkaniowej) tel. 601 515 812 NUMERY ALARMOWE&nbsp; 112 \u2013 Centrum Powiadamiania Ratunkowego 997 \u2013 Policja 998&nbsp;\u2013 Stra\u017c Po\u017carna 999&nbsp;\u2013 Pogotowie Ratunkowe 986&nbsp;\u2013 Stra\u017c Miejska POGOTOWIE CIEP\u0141OWNICZE ADM Piekary \u015al\u0105skie \u2013 MPEC tel.&nbsp;32 767 07 85,&nbsp;601 541 463 &hellip; <\/p>\n<p class=\"link-more\"><a href=\"https:\/\/www.smdiament.pl\/index.php\/sekcja-strony-glownej\/\" class=\"more-link\">Czytaj dalej<span class=\"screen-reader-text\"> Telefony awaryjne<\/span><\/a><\/p>\n","protected":false},"author":1,"featured_media":0,"parent":0,"menu_order":0,"comment_status":"closed","ping_status":"closed","template":"","meta":{"footnotes":""},"class_list":["post-9","page","type-page","status-publish","hentry"],"_links":{"self":[{"href":"https:\/\/www.smdiament.pl\/index.php\/wp-json\/wp\/v2\/pages\/9","targetHints":{"allow":["GET"]}}],"collection":[{"href":"https:\/\/www.smdiament.pl\/index.php\/wp-json\/wp\/v2\/pages"}],"about":[{"href":"https:\/\/www.smdiament.pl\/index.php\/wp-json\/wp\/v2\/types\/page"}],"author":[{"embeddable":true,"href":"https:\/\/www.smdiament.pl\/index.php\/wp-json\/wp\/v2\/users\/1"}],"replies":[{"embeddable":true,"href":"https:\/\/www.smdiament.pl\/index.php\/wp-json\/wp\/v2\/comments?post=9"}],"version-history":[{"count":38,"href":"https:\/\/www.smdiament.pl\/index.php\/wp-json\/wp\/v2\/pages\/9\/revisions"}],"predecessor-version":[{"id":4976,"href":"https:\/\/www.smdiament.pl\/index.php\/wp-json\/wp\/v2\/pages\/9\/revisions\/4976"}],"wp:attachment":[{"href":"https:\/\/www.smdiament.pl\/index.php\/wp-json\/wp\/v2\/media?parent=9"}],"curies":[{"name":"wp","href":"https:\/\/api.w.org\/{rel}","templated":true}]}}