{"id":7,"date":"2018-05-02T17:30:10","date_gmt":"2018-05-02T15:30:10","guid":{"rendered":"http:\/\/www.smdiament.pl\/wordpress\/?page_id=7"},"modified":"2024-02-22T12:20:01","modified_gmt":"2024-02-22T11:20:01","slug":"kontakt","status":"publish","type":"page","link":"https:\/\/www.smdiament.pl\/index.php\/kontakt\/","title":{"rendered":"Telefony awaryjne"},"content":{"rendered":"\n<p><\/p>\n\n\n<p><span style=\"color: #0000ff;\"><strong>POGOTOWIE AWARYJNE (Sp\u00f3\u0142dzielni Mieszkaniowej)&nbsp;<\/strong><\/span><\/p>\n<p>tel.&nbsp;<strong>32 281 20 33<\/strong><\/p>\n<p><span style=\"color: #0000ff;\"><strong>POGOTOWIE ELEKTRYCZNE (Sp\u00f3\u0142dzielni Mieszkaniowej)<\/strong><\/span><\/p>\n<p>tel.&nbsp;<strong>514 332 821<\/strong><\/p>\n<p style=\"text-align: center;\"><strong><span style=\"color: #0000ff;\">NUMERY ALARMOWE&nbsp;<\/span><\/strong><\/p>\n<p><strong>112<\/strong> &#8211; Centrum Powiadamiania Ratunkowego (og\u00f3lnoeuropejski numer ratunkowy)<\/p>\n<p><strong>997<\/strong> &#8211; Policja (dzwoni\u0105c na ten numer, po\u0142\u0105czenie zostaje automatycznie przekierowane na numer 112)<\/p>\n<p><strong>998<\/strong> &#8211; Stra\u017c Po\u017carna<\/p>\n<p><strong>999<\/strong> &#8211; Pogotowie Ratunkowe<\/p>\n<p><strong>986<\/strong> &#8211; Stra\u017c Miejska<\/p>\n<p><span style=\"color: #0000ff;\"><strong>POGOTOWIE CIEP\u0141OWNICZE<\/strong><\/span><\/p>\n<p>ADM Piekary \u015al\u0105skie \u2013 MPEC tel.&nbsp;<strong>32 767 07 85,&nbsp;<\/strong><strong>601 541 463<\/strong><\/p>\n<p>ADM Chorz\u00f3w, Katowice \u2013 TAURON CIEP\u0141O tel.&nbsp;<strong>993<\/strong><\/p>\n<p><span style=\"color: #0000ff;\"><strong>POGOTOWIE GAZOWE<\/strong><\/span><\/p>\n<p>ADM Piekary \u015al\u0105skie, Chorz\u00f3w, Katowice tel.&nbsp;<strong>992<\/strong><\/p>\n<p><span style=\"color: #0000ff;\"><strong>POGOTOWIE ENERGETYCZNE<\/strong><\/span><\/p>\n<p>ADM Piekary \u015al\u0105skie, Chorz\u00f3w, Katowice tel.&nbsp;<strong>991<\/strong><\/p>\n<p><span style=\"color: #0000ff;\"><strong>POGOTOWIE WODNO \u2013 KANALIZACYJNE<\/strong><\/span><\/p>\n<p>ADM Piekary \u015al\u0105skie tel.&nbsp;<strong>32 287 13 08<\/strong>, tel.&nbsp;<strong>601 503 475<\/strong><\/p>\n<p>ADM Chorz\u00f3w, Katowice tel.&nbsp;<strong>994<\/strong><\/p>","protected":false},"excerpt":{"rendered":"<p>POGOTOWIE AWARYJNE (Sp\u00f3\u0142dzielni Mieszkaniowej)&nbsp; tel.&nbsp;32 281 20 33 POGOTOWIE ELEKTRYCZNE (Sp\u00f3\u0142dzielni Mieszkaniowej) tel.&nbsp;514 332 821 NUMERY ALARMOWE&nbsp; 112 &#8211; Centrum Powiadamiania Ratunkowego (og\u00f3lnoeuropejski numer ratunkowy) 997 &#8211; Policja (dzwoni\u0105c na ten numer, po\u0142\u0105czenie zostaje automatycznie przekierowane na numer 112) 998 &#8211; Stra\u017c Po\u017carna 999 &#8211; Pogotowie Ratunkowe 986 &#8211; Stra\u017c Miejska POGOTOWIE CIEP\u0141OWNICZE ADM Piekary &hellip; <\/p>\n<p class=\"link-more\"><a href=\"https:\/\/www.smdiament.pl\/index.php\/kontakt\/\" class=\"more-link\">Czytaj dalej<span class=\"screen-reader-text\"> Telefony awaryjne<\/span><\/a><\/p>\n","protected":false},"author":1,"featured_media":0,"parent":0,"menu_order":0,"comment_status":"closed","ping_status":"closed","template":"","meta":{"footnotes":""},"class_list":["post-7","page","type-page","status-publish","hentry"],"_links":{"self":[{"href":"https:\/\/www.smdiament.pl\/index.php\/wp-json\/wp\/v2\/pages\/7","targetHints":{"allow":["GET"]}}],"collection":[{"href":"https:\/\/www.smdiament.pl\/index.php\/wp-json\/wp\/v2\/pages"}],"about":[{"href":"https:\/\/www.smdiament.pl\/index.php\/wp-json\/wp\/v2\/types\/page"}],"author":[{"embeddable":true,"href":"https:\/\/www.smdiament.pl\/index.php\/wp-json\/wp\/v2\/users\/1"}],"replies":[{"embeddable":true,"href":"https:\/\/www.smdiament.pl\/index.php\/wp-json\/wp\/v2\/comments?post=7"}],"version-history":[{"count":9,"href":"https:\/\/www.smdiament.pl\/index.php\/wp-json\/wp\/v2\/pages\/7\/revisions"}],"predecessor-version":[{"id":4191,"href":"https:\/\/www.smdiament.pl\/index.php\/wp-json\/wp\/v2\/pages\/7\/revisions\/4191"}],"wp:attachment":[{"href":"https:\/\/www.smdiament.pl\/index.php\/wp-json\/wp\/v2\/media?parent=7"}],"curies":[{"name":"wp","href":"https:\/\/api.w.org\/{rel}","templated":true}]}}