{"id":6,"date":"2018-05-02T17:30:09","date_gmt":"2018-05-02T15:30:09","guid":{"rendered":"http:\/\/www.smdiament.pl\/wordpress\/?page_id=6"},"modified":"2024-07-24T19:25:29","modified_gmt":"2024-07-24T17:25:29","slug":"o-nas","status":"publish","type":"page","link":"https:\/\/www.smdiament.pl\/index.php\/o-nas\/","title":{"rendered":"O nas"},"content":{"rendered":"<p><strong><span style=\"font-size: x-large;\">Historia<\/span><\/strong><\/p>\n<p><strong>Sp\u00f3\u0142dzielnia Mieszkaniowa &#8222;Diament&#8221; w Piekarach \u015al\u0105skich<\/strong><\/p>\n<p><strong>STATUS PRAWNY<\/strong><br \/>\nSp\u00f3\u0142dzielnia Mieszkaniowa &#8222;Diament&#8221; w Piekarach \u015al\u0105skich (KRS nr 0000093751) dzia\u0142a w oparciu o Prawo Sp\u00f3\u0142dzielcze oraz Statut zarejestrowany w S\u0105dzie Rejonowym w Gliwicach. Sp\u00f3\u0142dzielnia sk\u0142ada si\u0119 z cz\u0142onk\u00f3w b\u0119d\u0105cych osobami fizycznymi i prawnymi.<\/p>\n<p><strong>HISTORIA<\/strong><br \/>\nSp\u00f3\u0142dzielnia Mieszkaniowa &#8222;Diament&#8221; zosta\u0142a zarejestrowana pod pierwotn\u0105 nazw\u0105 jako Mi\u0119dzyzak\u0142adowa G\u00f3rnicza Sp\u00f3\u0142dzielnia Mieszkaniowa przy KWK &#8222;Julian&#8221; i &#8222;Andaluzja&#8221; w Piekarach \u015al\u0105skich 20 listopada 1989 r. w S\u0105dzie Rejonowym w Katowicach.<br \/>\nCz\u0142onkami za\u0142o\u017cycielami byli pracownicy kopal\u0144 &#8222;Julian&#8221; i &#8222;Andaluzja&#8221; w Piekarach \u015al\u0105skich. Obecna nazwa Sp\u00f3\u0142dzielni zosta\u0142a nadana moc\u0105 Uchwa\u0142y Walnego Zgromadzenia z dnia 17 czerwca 1992 r. Sp\u00f3\u0142dzielnia dysponuje terenami na podstawie dw\u00f3ch formu\u0142 prawnych: w\u0142asno\u015bci terenu i u\u017cytkowania wieczystego. Prawa te potwierdzaj\u0105 odpowiednie zapisy w ksi\u0119gach wieczystych S\u0105d\u00f3w Rejonowych. Posiada w\u0142asne nieruchomo\u015bci na terenie Piekar \u015al\u0105skich, Chorzowa oraz Katowic. Zgodnie z postanowieniami Statutu, dzia\u0142alno\u015bci\u0105 Sp\u00f3\u0142dzielni kieruje oraz reprezentuje j\u0105 na zewn\u0105trz Zarz\u0105d, kt\u00f3ry jest powo\u0142ywany moc\u0105 uchwa\u0142y Rady Nadzorczej.<\/p>\n","protected":false},"excerpt":{"rendered":"<p>Historia Sp\u00f3\u0142dzielnia Mieszkaniowa &#8222;Diament&#8221; w Piekarach \u015al\u0105skich STATUS PRAWNY Sp\u00f3\u0142dzielnia Mieszkaniowa &#8222;Diament&#8221; w Piekarach \u015al\u0105skich (KRS nr 0000093751) dzia\u0142a w oparciu o Prawo Sp\u00f3\u0142dzielcze oraz Statut zarejestrowany w S\u0105dzie Rejonowym w Gliwicach. Sp\u00f3\u0142dzielnia sk\u0142ada si\u0119 z cz\u0142onk\u00f3w b\u0119d\u0105cych osobami fizycznymi i prawnymi. HISTORIA Sp\u00f3\u0142dzielnia Mieszkaniowa &#8222;Diament&#8221; zosta\u0142a zarejestrowana pod pierwotn\u0105 nazw\u0105 jako Mi\u0119dzyzak\u0142adowa G\u00f3rnicza Sp\u00f3\u0142dzielnia &hellip; <\/p>\n<p class=\"link-more\"><a href=\"https:\/\/www.smdiament.pl\/index.php\/o-nas\/\" class=\"more-link\">Czytaj dalej<span class=\"screen-reader-text\"> O nas<\/span><\/a><\/p>\n","protected":false},"author":1,"featured_media":0,"parent":0,"menu_order":0,"comment_status":"closed","ping_status":"closed","template":"","meta":{"footnotes":""},"class_list":["post-6","page","type-page","status-publish","hentry"],"_links":{"self":[{"href":"https:\/\/www.smdiament.pl\/index.php\/wp-json\/wp\/v2\/pages\/6","targetHints":{"allow":["GET"]}}],"collection":[{"href":"https:\/\/www.smdiament.pl\/index.php\/wp-json\/wp\/v2\/pages"}],"about":[{"href":"https:\/\/www.smdiament.pl\/index.php\/wp-json\/wp\/v2\/types\/page"}],"author":[{"embeddable":true,"href":"https:\/\/www.smdiament.pl\/index.php\/wp-json\/wp\/v2\/users\/1"}],"replies":[{"embeddable":true,"href":"https:\/\/www.smdiament.pl\/index.php\/wp-json\/wp\/v2\/comments?post=6"}],"version-history":[{"count":11,"href":"https:\/\/www.smdiament.pl\/index.php\/wp-json\/wp\/v2\/pages\/6\/revisions"}],"predecessor-version":[{"id":4507,"href":"https:\/\/www.smdiament.pl\/index.php\/wp-json\/wp\/v2\/pages\/6\/revisions\/4507"}],"wp:attachment":[{"href":"https:\/\/www.smdiament.pl\/index.php\/wp-json\/wp\/v2\/media?parent=6"}],"curies":[{"name":"wp","href":"https:\/\/api.w.org\/{rel}","templated":true}]}}