{"id":5,"date":"2018-05-02T17:30:09","date_gmt":"2018-05-02T15:30:09","guid":{"rendered":"http:\/\/www.smdiament.pl\/wordpress\/?page_id=5"},"modified":"2026-04-08T12:57:18","modified_gmt":"2026-04-08T10:57:18","slug":"strona-glowna","status":"publish","type":"page","link":"https:\/\/www.smdiament.pl\/","title":{"rendered":"Strona g\u0142\u00f3wna"},"content":{"rendered":"\n<p><\/p>\n\n\n\n<p class=\"has-text-align-center\"><span style=\"color: #0000ff;\"><strong><mark style=\"background-color:rgba(0, 0, 0, 0)\" class=\"has-inline-color has-black-color\">Sp\u00f3\u0142dzielnia Mieszkaniowa &#8222;DIAMENT&#8221; w Piekarach \u015al\u0105skich<\/mark><\/strong><\/span><\/p>\n\n\n\n<p class=\"has-text-align-center\"><strong><mark style=\"background-color:rgba(0, 0, 0, 0)\" class=\"has-inline-color has-black-color\">ul. Ogrodowa 17 K, 41-940 Piekary \u015al\u0105skie<\/mark><\/strong><\/p>\n\n\n\n<p class=\"has-text-align-center\"><strong><mark style=\"background-color:rgba(0, 0, 0, 0)\" class=\"has-inline-color has-black-color\">NIP 653 000 0241<\/mark><\/strong>, <strong><mark style=\"background-color:rgba(0, 0, 0, 0)\" class=\"has-inline-color has-black-color\">REGON 001278766<\/mark><\/strong>, <strong><mark style=\"background-color:rgba(0, 0, 0, 0)\" class=\"has-inline-color has-black-color\">KRS 0000093751<\/mark><\/strong><\/p>\n\n\n\n<p class=\"has-text-align-center\"><strong>telefon<\/strong>&nbsp;<strong>32 767 66 16<\/strong>, <strong><strong>795 476 199<\/strong><\/strong><\/p>\n\n\n\n<p class=\"has-text-align-center\"><span style=\"color: #0000ff;\"><strong><mark style=\"background-color:rgba(0, 0, 0, 0)\" class=\"has-inline-color has-black-color\">e-mail: spoldzielnia@smdiament.pl<\/mark><\/strong><\/span><\/p>\n\n\n\n<p><\/p>\n\n\n\n<p class=\"has-text-align-center\"><strong>Dzia\u0142 Techniczny <span style=\"color: #0000ff;\"><mark style=\"background-color:rgba(0, 0, 0, 0)\" class=\"has-inline-color has-black-color\">Sp\u00f3\u0142dzielni Mieszkaniowej<\/mark><\/span><\/strong> <\/p>\n\n\n\n<p class=\"has-text-align-center\"><span style=\"color: #0000ff;\"><strong><mark style=\"background-color:rgba(0, 0, 0, 0)\" class=\"has-inline-color has-black-color\">&#8222;DIAMENT&#8221; w Piekarach \u015al\u0105skich<\/mark><\/strong><\/span>.<\/p>\n\n\n\n<p class=\"has-text-align-center\"><strong>telefon 604 535 861<\/strong><\/p>\n\n\n\n<figure class=\"wp-block-image size-full is-resized\"><img loading=\"lazy\" decoding=\"async\" width=\"783\" height=\"656\" src=\"https:\/\/www.smdiament.pl\/wordpress\/wp-content\/uploads\/2024\/07\/Bez-tytulu.jpg\" alt=\"\" class=\"wp-image-4511\" style=\"width:840px;height:704px\" srcset=\"https:\/\/www.smdiament.pl\/wordpress\/wp-content\/uploads\/2024\/07\/Bez-tytulu.jpg 783w, https:\/\/www.smdiament.pl\/wordpress\/wp-content\/uploads\/2024\/07\/Bez-tytulu-300x251.jpg 300w, https:\/\/www.smdiament.pl\/wordpress\/wp-content\/uploads\/2024\/07\/Bez-tytulu-768x643.jpg 768w\" sizes=\"auto, (max-width: 767px) 89vw, (max-width: 1000px) 54vw, (max-width: 1071px) 543px, 580px\" \/><\/figure>\n\n\n\n<p class=\"has-text-align-center\"><\/p>\n","protected":false},"excerpt":{"rendered":"<p>Sp\u00f3\u0142dzielnia Mieszkaniowa &#8222;DIAMENT&#8221; w Piekarach \u015al\u0105skich ul. Ogrodowa 17 K, 41-940 Piekary \u015al\u0105skie NIP 653 000 0241, REGON 001278766, KRS 0000093751 telefon&nbsp;32 767 66 16, 795 476 199 e-mail: spoldzielnia@smdiament.pl Dzia\u0142 Techniczny Sp\u00f3\u0142dzielni Mieszkaniowej &#8222;DIAMENT&#8221; w Piekarach \u015al\u0105skich. telefon 604 535 861<\/p>\n","protected":false},"author":1,"featured_media":0,"parent":0,"menu_order":0,"comment_status":"closed","ping_status":"closed","template":"","meta":{"footnotes":""},"class_list":["post-5","page","type-page","status-publish","hentry"],"_links":{"self":[{"href":"https:\/\/www.smdiament.pl\/index.php\/wp-json\/wp\/v2\/pages\/5","targetHints":{"allow":["GET"]}}],"collection":[{"href":"https:\/\/www.smdiament.pl\/index.php\/wp-json\/wp\/v2\/pages"}],"about":[{"href":"https:\/\/www.smdiament.pl\/index.php\/wp-json\/wp\/v2\/types\/page"}],"author":[{"embeddable":true,"href":"https:\/\/www.smdiament.pl\/index.php\/wp-json\/wp\/v2\/users\/1"}],"replies":[{"embeddable":true,"href":"https:\/\/www.smdiament.pl\/index.php\/wp-json\/wp\/v2\/comments?post=5"}],"version-history":[{"count":73,"href":"https:\/\/www.smdiament.pl\/index.php\/wp-json\/wp\/v2\/pages\/5\/revisions"}],"predecessor-version":[{"id":6028,"href":"https:\/\/www.smdiament.pl\/index.php\/wp-json\/wp\/v2\/pages\/5\/revisions\/6028"}],"wp:attachment":[{"href":"https:\/\/www.smdiament.pl\/index.php\/wp-json\/wp\/v2\/media?parent=5"}],"curies":[{"name":"wp","href":"https:\/\/api.w.org\/{rel}","templated":true}]}}