{"id":203,"date":"2018-05-07T12:10:54","date_gmt":"2018-05-07T10:10:54","guid":{"rendered":"http:\/\/www.smdiament.pl\/wordpress\/?page_id=203"},"modified":"2018-06-12T10:24:18","modified_gmt":"2018-06-12T08:24:18","slug":"piekary-slaskie","status":"publish","type":"page","link":"https:\/\/www.smdiament.pl\/index.php\/piekary-slaskie\/","title":{"rendered":"Piekary \u015al\u0105skie"},"content":{"rendered":"<div id=\"metaslider-id-406\" style=\"max-width: 900px;\" class=\"ml-slider-3-98-0 metaslider metaslider-flex metaslider-406 ml-slider ms-theme-default nav-hidden\" role=\"region\" aria-roledescription=\"Slideshow\" aria-label=\"Piekary \u015al\u0105skie-galeria\" data-width=\"900\">\n    <div id=\"metaslider_container_406\">\n        <div id=\"metaslider_406\">\n            <ul class='slides'>\n                <li style=\"display: block; width: 100%;\" class=\"slide-407 ms-image \" aria-roledescription=\"slide\" aria-label=\"slide-407\" data-date=\"2018-05-15 08:36:45\"><img loading=\"lazy\" decoding=\"async\" src=\"https:\/\/www.smdiament.pl\/wordpress\/wp-content\/uploads\/2018\/05\/Piekary-\u015al\u0105skie-Ogrodowa-17E_jzzpl-800x444.jpg\" height=\"500\" width=\"900\" alt=\"\" class=\"slider-406 slide-407\" title=\"Piekary \u015al\u0105skie, Ogrodowa 17E_jzzpl\" \/><\/li>\n                <li style=\"display: none; width: 100%;\" class=\"slide-408 ms-image \" aria-roledescription=\"slide\" aria-label=\"slide-408\" data-date=\"2018-05-15 08:36:54\"><img loading=\"lazy\" decoding=\"async\" src=\"https:\/\/www.smdiament.pl\/wordpress\/wp-content\/uploads\/2018\/05\/Piekary-\u015al\u0105skie-Ogrodowa-17-JK_jzzpl-800x444.jpg\" height=\"500\" width=\"900\" alt=\"\" class=\"slider-406 slide-408\" title=\"Piekary \u015al\u0105skie, Ogrodowa 17 JK_jzzpl\" \/><\/li>\n                <li style=\"display: none; width: 100%;\" class=\"slide-409 ms-image \" aria-roledescription=\"slide\" aria-label=\"slide-409\" data-date=\"2018-05-15 08:37:01\"><img loading=\"lazy\" decoding=\"async\" src=\"https:\/\/www.smdiament.pl\/wordpress\/wp-content\/uploads\/2018\/05\/Piekary-\u015al\u0105skie-Ogrodowa-17-FB_jzzpl-800x444.jpg\" height=\"500\" width=\"900\" alt=\"\" class=\"slider-406 slide-409\" title=\"Piekary \u015al\u0105skie, Ogrodowa 17 FB_jzzpl\" \/><\/li>\n                <li style=\"display: none; width: 100%;\" class=\"slide-410 ms-image \" aria-roledescription=\"slide\" aria-label=\"slide-410\" data-date=\"2018-05-15 08:37:11\"><img loading=\"lazy\" decoding=\"async\" src=\"https:\/\/www.smdiament.pl\/wordpress\/wp-content\/uploads\/2018\/05\/Piekary-\u015al\u0105skie-Ogrodowa-17BC_jzzpl-800x444.jpg\" height=\"500\" width=\"900\" alt=\"\" class=\"slider-406 slide-410\" title=\"Piekary \u015al\u0105skie, Ogrodowa 17BC_jzzpl\" \/><\/li>\n                <li style=\"display: none; width: 100%;\" class=\"slide-411 ms-image \" aria-roledescription=\"slide\" aria-label=\"slide-411\" data-date=\"2018-05-15 08:37:21\"><img loading=\"lazy\" decoding=\"async\" src=\"https:\/\/www.smdiament.pl\/wordpress\/wp-content\/uploads\/2018\/05\/Piekary-\u015al\u0105skie-Ogrodowa-17-33_jzzpl-800x444.jpg\" height=\"500\" width=\"900\" alt=\"\" class=\"slider-406 slide-411\" title=\"Piekary \u015al\u0105skie, Ogrodowa 17-33_jzzpl\" \/><\/li>\n                <li style=\"display: none; width: 100%;\" class=\"slide-412 ms-image \" aria-roledescription=\"slide\" aria-label=\"slide-412\" data-date=\"2018-05-15 08:37:26\"><img loading=\"lazy\" decoding=\"async\" src=\"https:\/\/www.smdiament.pl\/wordpress\/wp-content\/uploads\/2018\/05\/Piekary-\u015al\u0105skie-Ogrodowa-17_33_jzzpl-800x444.jpg\" height=\"500\" width=\"900\" alt=\"\" class=\"slider-406 slide-412\" title=\"Piekary \u015al\u0105skie, Ogrodowa 17_33_jzzpl\" \/><\/li>\n                <li style=\"display: none; width: 100%;\" class=\"slide-413 ms-image \" aria-roledescription=\"slide\" aria-label=\"slide-413\" data-date=\"2018-05-15 08:37:33\"><img loading=\"lazy\" decoding=\"async\" src=\"https:\/\/www.smdiament.pl\/wordpress\/wp-content\/uploads\/2018\/05\/Piekary-\u015al\u0105skie-Sp\u00f3\u0142dzielnia_jzzpl-800x444.jpg\" height=\"500\" width=\"900\" alt=\"\" class=\"slider-406 slide-413\" title=\"Piekary \u015al\u0105skie, Sp\u00f3\u0142dzielnia_jzzpl\" \/><\/li>\n                <li style=\"display: none; width: 100%;\" class=\"slide-414 ms-image \" aria-roledescription=\"slide\" aria-label=\"slide-414\" data-date=\"2018-05-15 08:37:39\"><img loading=\"lazy\" decoding=\"async\" src=\"https:\/\/www.smdiament.pl\/wordpress\/wp-content\/uploads\/2018\/05\/Piekary-\u015al\u0105skie-Ogrodowa-plac_jzzpl-800x444.jpg\" height=\"500\" width=\"900\" alt=\"\" class=\"slider-406 slide-414\" title=\"Piekary \u015al\u0105skie, Ogrodowa plac_jzzpl\" \/><\/li>\n                <li style=\"display: none; width: 100%;\" class=\"slide-415 ms-image \" aria-roledescription=\"slide\" aria-label=\"slide-415\" data-date=\"2018-05-15 08:37:46\"><img loading=\"lazy\" decoding=\"async\" src=\"https:\/\/www.smdiament.pl\/wordpress\/wp-content\/uploads\/2018\/05\/Piekary-\u015al\u0105skie-Ogrodowa-32_jzzpl-800x444.jpg\" height=\"500\" width=\"900\" alt=\"\" class=\"slider-406 slide-415\" title=\"Piekary \u015al\u0105skie, Ogrodowa 32_jzzpl\" \/><\/li>\n                <li style=\"display: none; width: 100%;\" class=\"slide-416 ms-image \" aria-roledescription=\"slide\" aria-label=\"slide-416\" data-date=\"2018-05-15 08:38:00\"><img loading=\"lazy\" decoding=\"async\" src=\"https:\/\/www.smdiament.pl\/wordpress\/wp-content\/uploads\/2018\/05\/Piekary-\u015al\u0105skie-Kalwaryjska-2-900x500.jpg\" height=\"500\" width=\"900\" alt=\"\" class=\"slider-406 slide-416\" title=\"Piekary \u015al\u0105skie, Kalwaryjska 2\" \/><\/li>\n            <\/ul>\n        <\/div>\n        \n    <\/div>\n<\/div>\n","protected":false},"excerpt":{"rendered":"","protected":false},"author":2,"featured_media":0,"parent":0,"menu_order":0,"comment_status":"closed","ping_status":"closed","template":"","meta":{"footnotes":""},"class_list":["post-203","page","type-page","status-publish","hentry"],"_links":{"self":[{"href":"https:\/\/www.smdiament.pl\/index.php\/wp-json\/wp\/v2\/pages\/203","targetHints":{"allow":["GET"]}}],"collection":[{"href":"https:\/\/www.smdiament.pl\/index.php\/wp-json\/wp\/v2\/pages"}],"about":[{"href":"https:\/\/www.smdiament.pl\/index.php\/wp-json\/wp\/v2\/types\/page"}],"author":[{"embeddable":true,"href":"https:\/\/www.smdiament.pl\/index.php\/wp-json\/wp\/v2\/users\/2"}],"replies":[{"embeddable":true,"href":"https:\/\/www.smdiament.pl\/index.php\/wp-json\/wp\/v2\/comments?post=203"}],"version-history":[{"count":2,"href":"https:\/\/www.smdiament.pl\/index.php\/wp-json\/wp\/v2\/pages\/203\/revisions"}],"predecessor-version":[{"id":417,"href":"https:\/\/www.smdiament.pl\/index.php\/wp-json\/wp\/v2\/pages\/203\/revisions\/417"}],"wp:attachment":[{"href":"https:\/\/www.smdiament.pl\/index.php\/wp-json\/wp\/v2\/media?parent=203"}],"curies":[{"name":"wp","href":"https:\/\/api.w.org\/{rel}","templated":true}]}}