{"id":146,"date":"2018-05-07T09:35:42","date_gmt":"2018-05-07T07:35:42","guid":{"rendered":"http:\/\/www.smdiament.pl\/wordpress\/?page_id=146"},"modified":"2026-03-20T12:01:41","modified_gmt":"2026-03-20T11:01:41","slug":"przepisy-prawne","status":"publish","type":"page","link":"https:\/\/www.smdiament.pl\/index.php\/przepisy-prawne\/","title":{"rendered":"Przepisy prawne"},"content":{"rendered":"<p><a href=\"https:\/\/www.smdiament.pl\/wordpress\/wp-content\/uploads\/2024\/06\/Statut-SM-Diament-2023.pdf\">Statut Sp\u00f3\u0142dzielni Mieszkaniowej &#8222;Diament&#8221;<\/a><\/p>\n<p><a href=\"https:\/\/www.smdiament.pl\/wordpress\/wp-content\/uploads\/2018\/05\/regul_uzyw_lok_i_porz_dom-2.pdf\">Regulamin u\u017cywania lokali i porz\u0105dku domowego<\/a><\/p>\n<p><a href=\"https:\/\/www.smdiament.pl\/wordpress\/wp-content\/uploads\/2018\/05\/regul_w_zakr_napr_wew_lok.pdf\">Regulamin w zakresie napraw wewn\u0105trz lokali<\/a><\/p>\n<p><a href=\"https:\/\/www.smdiament.pl\/wordpress\/wp-content\/uploads\/2018\/05\/regulamin_funduszu_remontowego-2008.pdf\">Regulamin<\/a><a href=\"https:\/\/www.smdiament.pl\/wordpress\/wp-content\/uploads\/2018\/05\/regulamin_funduszu_remontowego-2008.pdf\">\u00a0funduszu remontowego<\/a><\/p>\n<p><a href=\"https:\/\/www.smdiament.pl\/wordpress\/wp-content\/uploads\/2023\/07\/Regulamin-przetargow-na-zbycie-praw-do-lokali-stanowiacych-wlasnosc-SM.pdf\">Regulamin przetarg\u00f3w na zbycie praw do lokali<\/a><\/p>\n<p><a href=\"https:\/\/www.smdiament.pl\/wordpress\/wp-content\/uploads\/2018\/05\/regul_udziel_zam_bud.pdf\">Regulamin zam\u00f3wie\u0144 na roboty budowlane i projektowe<\/a><\/p>\n<p><a href=\"https:\/\/www.smdiament.pl\/wordpress\/wp-content\/uploads\/2025\/08\/Regulamin-korzystania-z-wielostanowiskowego-garazu-podziemnego-28-lipca-2025-r.pdf\">Regulamin korzystania z wielostanowiskowego gara\u017cu podziemnego w Piekarach \u015al\u0105skich<\/a><\/p>\n<p><a href=\"https:\/\/www.smdiament.pl\/wordpress\/wp-content\/uploads\/2025\/08\/Regulamin-zasad-rozliczania-kosztow-GZM-08.2025.pdf\">Regulamin zasad rozliczania koszt\u00f3w gospodarki zasobami mieszkaniowymi oraz ustalania wysoko\u015bci op\u0142at czynszowych za u\u017cytkowanie lokali w Sp\u00f3\u0142dzielni Mieszkaniowej &#8222;Diament&#8221; w Piekarach \u015al\u0105skich.<\/a><\/p>\n<p><a href=\"https:\/\/www.smdiament.pl\/wordpress\/wp-content\/uploads\/2023\/06\/Regulamin-rozliczania-kosztow-i-oplat-za-cieplo.pdf\">Regulamin rozliczania koszt\u00f3w za ciep\u0142o<\/a><\/p>\n<p><a href=\"https:\/\/www.smdiament.pl\/wordpress\/wp-content\/uploads\/2023\/10\/Regulamin-okreslajacy-zasady-udostepniania-dokumentow-Czlonkom-SM-Diament.pdf\">Regulamin zasad udost\u0119pniania dokument\u00f3w cz\u0142onkom SM<\/a><\/p>\n<p><a href=\"https:\/\/www.smdiament.pl\/wordpress\/wp-content\/uploads\/2025\/07\/Regulamin-najmu-lokali-mieszkalnych-i-uzytkowych-2024.pdf\">Regulamin najmu lokali<\/a><\/p>\n<p><a href=\"https:\/\/www.smdiament.pl\/wordpress\/wp-content\/uploads\/2025\/06\/Regulamin-funkcjonowania-monitoringu-wizyjnego-w-SM-Diament.pdf\">Regulamin funkcjonowania monitoringu wizyjnego<\/a><\/p>\n<p><a href=\"https:\/\/www.smdiament.pl\/wordpress\/wp-content\/uploads\/2025\/11\/Regulamin-korzystania-z-pomieszczen-wspolnego-uzytkowania.pdf\">Regulamin korzystania z pomieszcze\u0144 wsp\u00f3lnego u\u017cytkowania w Sp\u00f3\u0142dzielni Mieszkaniowej \u201eDIAMENT\u201d w Piekarach \u015al\u0105skich<\/a><\/p>\n\n\n<p><strong>REMONT LOKALU MIESZKALNEGO<\/strong><\/p>\n\n\n\n<p><a href=\"https:\/\/www.smdiament.pl\/wordpress\/wp-content\/uploads\/2025\/08\/Regulamin-okreslajacy-zasady-i-warunki-techniczne-przeprowadzania-indywidualnych-remontow.pdf\">Regulamin okre\u015blaj\u0105cy podstawowe zasady i warunki techniczne przeprowadzania indywidualnych remont\u00f3w w lokalach mieszkalnych w budynkach nale\u017c\u0105cych do Sp\u00f3\u0142dzielni Mieszkaniowej \u201eDIAMENT\u201d<br>w Piekarach \u015al\u0105skich<\/a><\/p>\n\n\n\n<p><a href=\"https:\/\/www.smdiament.pl\/wordpress\/wp-content\/uploads\/2026\/03\/Wykaz-prac-remontowych-20.03.2026-r.pdf\">DRUK &#8211; zg\u0142oszenie przez lokatora do Sp\u00f3\u0142dzielni Mieszkaniowej &#8222;Diament&#8221; zakresu rob\u00f3t do zrealizowania w trakcie przeprowadzania remontu lokalu mieszkalnego<\/a><\/p>\n","protected":false},"excerpt":{"rendered":"<p>Statut Sp\u00f3\u0142dzielni Mieszkaniowej &#8222;Diament&#8221; Regulamin u\u017cywania lokali i porz\u0105dku domowego Regulamin w zakresie napraw wewn\u0105trz lokali Regulamin\u00a0funduszu remontowego Regulamin przetarg\u00f3w na zbycie praw do lokali Regulamin zam\u00f3wie\u0144 na roboty budowlane i projektowe Regulamin korzystania z wielostanowiskowego gara\u017cu podziemnego w Piekarach \u015al\u0105skich Regulamin zasad rozliczania koszt\u00f3w gospodarki zasobami mieszkaniowymi oraz ustalania wysoko\u015bci op\u0142at czynszowych za u\u017cytkowanie &hellip; <\/p>\n<p class=\"link-more\"><a href=\"https:\/\/www.smdiament.pl\/index.php\/przepisy-prawne\/\" class=\"more-link\">Czytaj dalej<span class=\"screen-reader-text\"> Przepisy prawne<\/span><\/a><\/p>\n","protected":false},"author":2,"featured_media":0,"parent":0,"menu_order":0,"comment_status":"closed","ping_status":"closed","template":"","meta":{"footnotes":""},"class_list":["post-146","page","type-page","status-publish","hentry"],"_links":{"self":[{"href":"https:\/\/www.smdiament.pl\/index.php\/wp-json\/wp\/v2\/pages\/146","targetHints":{"allow":["GET"]}}],"collection":[{"href":"https:\/\/www.smdiament.pl\/index.php\/wp-json\/wp\/v2\/pages"}],"about":[{"href":"https:\/\/www.smdiament.pl\/index.php\/wp-json\/wp\/v2\/types\/page"}],"author":[{"embeddable":true,"href":"https:\/\/www.smdiament.pl\/index.php\/wp-json\/wp\/v2\/users\/2"}],"replies":[{"embeddable":true,"href":"https:\/\/www.smdiament.pl\/index.php\/wp-json\/wp\/v2\/comments?post=146"}],"version-history":[{"count":43,"href":"https:\/\/www.smdiament.pl\/index.php\/wp-json\/wp\/v2\/pages\/146\/revisions"}],"predecessor-version":[{"id":5977,"href":"https:\/\/www.smdiament.pl\/index.php\/wp-json\/wp\/v2\/pages\/146\/revisions\/5977"}],"wp:attachment":[{"href":"https:\/\/www.smdiament.pl\/index.php\/wp-json\/wp\/v2\/media?parent=146"}],"curies":[{"name":"wp","href":"https:\/\/api.w.org\/{rel}","templated":true}]}}