{"id":138,"date":"2018-05-07T09:17:01","date_gmt":"2018-05-07T07:17:01","guid":{"rendered":"http:\/\/www.smdiament.pl\/wordpress\/?page_id=138"},"modified":"2026-02-10T14:23:29","modified_gmt":"2026-02-10T13:23:29","slug":"harmonogram-dyzurow-rn","status":"publish","type":"page","link":"https:\/\/www.smdiament.pl\/index.php\/rada-nadzorcza\/harmonogram-dyzurow-rn\/","title":{"rendered":"Harmonogram dy\u017cur\u00f3w Rady Nadzorczej"},"content":{"rendered":"<h2><\/h2>\n<h2 style=\"text-align: center;\"><strong>HARMONOGRAM DY\u017bUR\u00d3W RADY NADZORCZEJ <\/strong><strong>SP\u00d3\u0141DZIELNI MIESZKANIOWEJ &#8222;DIAMENT&#8221; W PIEKARACH \u015aL\u0104SKICH<\/strong><\/h2>\n<p style=\"text-align: center;\"><span style=\"font-family: Cambria, serif;\"><span style=\"font-size: large;\"><b>w dnia 26.01.2026 r. &#8211; Aneta Druch<\/b><\/span><\/span><\/p>\n<p style=\"text-align: center;\"><span style=\"font-family: Cambria, serif;\"><span style=\"font-size: large;\"><b>w dnia 23.02.2026 r. &#8211; Piotr Widenka\u00a0<\/b><\/span><\/span><\/p>\n<p style=\"text-align: center;\"><span style=\"font-family: Cambria, serif;\"><span style=\"font-size: large;\"><b>w dnia 30.03.2026 r. &#8211; Alina Kupczok<\/b><\/span><\/span><\/p>\n<p style=\"text-align: center;\"><span style=\"font-family: Cambria, serif;\"><span style=\"font-size: large;\"><b>w dnia 27.04.2026 r. &#8211; Victoria Kawka<\/b><\/span><\/span><\/p>\n<p style=\"text-align: center;\"><span style=\"font-family: Cambria, serif;\"><span style=\"font-size: large;\"><b>w dnia 25.05.2026 r. &#8211; Jaros\u0142aw Suchanek<\/b><\/span><\/span><\/p>\n<p style=\"text-align: center;\"><span style=\"font-family: Cambria, serif;\"><span style=\"font-size: large;\"><b>w dnia 27.07.2026 r. &#8211; Aneta Druch<\/b><\/span><\/span><\/p>\n<p style=\"text-align: center;\"><span style=\"font-family: Cambria, serif;\"><span style=\"font-size: large;\"><b>w dnia 31.08.2026 r. &#8211; Piotr Widenka\u00a0<\/b><\/span><\/span><\/p>\n<p style=\"text-align: center;\"><span style=\"font-family: Cambria, serif;\"><span style=\"font-size: large;\"><b>w dnia 21.09.2026 r. &#8211; Alina Kupczok<\/b><\/span><\/span><\/p>\n<p style=\"text-align: center;\"><span style=\"font-family: Cambria, serif;\"><span style=\"font-size: large;\"><b>w dnia 26.10.2026 r. &#8211; Victoria Kawka<\/b><\/span><\/span><\/p>\n<p style=\"text-align: center;\"><span style=\"font-family: Cambria, serif;\"><span style=\"font-size: large;\"><b>w dnia 30.11.2026 r. &#8211; Jaros\u0142aw Suchanek<\/b><\/span><\/span><\/p>\n<p style=\"text-align: center;\"><strong><span style=\"font-family: Arial, serif;\"><span style=\"font-size: large;\">Cz\u0142onkowie Rady Nadzorczej pe\u0142ni\u0105 dy\u017cury w ww. dniach od godz. 14.30 do godz. 15.00<br \/>\nw siedzibie Sp\u00f3\u0142dzielni Mieszkaniowej &#8222;Diament&#8221; w Piekarach \u015al\u0105skich przy ul. Ogrodowej 17k.<\/span><\/span><\/strong><\/p>\n","protected":false},"excerpt":{"rendered":"<p>HARMONOGRAM DY\u017bUR\u00d3W RADY NADZORCZEJ SP\u00d3\u0141DZIELNI MIESZKANIOWEJ &#8222;DIAMENT&#8221; W PIEKARACH \u015aL\u0104SKICH w dnia 26.01.2026 r. &#8211; Aneta Druch w dnia 23.02.2026 r. &#8211; Piotr Widenka\u00a0 w dnia 30.03.2026 r. &#8211; Alina Kupczok w dnia 27.04.2026 r. &#8211; Victoria Kawka w dnia 25.05.2026 r. &#8211; Jaros\u0142aw Suchanek w dnia 27.07.2026 r. &#8211; Aneta Druch w dnia 31.08.2026 &hellip; <\/p>\n<p class=\"link-more\"><a href=\"https:\/\/www.smdiament.pl\/index.php\/rada-nadzorcza\/harmonogram-dyzurow-rn\/\" class=\"more-link\">Czytaj dalej<span class=\"screen-reader-text\"> Harmonogram dy\u017cur\u00f3w Rady Nadzorczej<\/span><\/a><\/p>\n","protected":false},"author":2,"featured_media":0,"parent":82,"menu_order":0,"comment_status":"closed","ping_status":"closed","template":"","meta":{"footnotes":""},"class_list":["post-138","page","type-page","status-publish","hentry"],"_links":{"self":[{"href":"https:\/\/www.smdiament.pl\/index.php\/wp-json\/wp\/v2\/pages\/138","targetHints":{"allow":["GET"]}}],"collection":[{"href":"https:\/\/www.smdiament.pl\/index.php\/wp-json\/wp\/v2\/pages"}],"about":[{"href":"https:\/\/www.smdiament.pl\/index.php\/wp-json\/wp\/v2\/types\/page"}],"author":[{"embeddable":true,"href":"https:\/\/www.smdiament.pl\/index.php\/wp-json\/wp\/v2\/users\/2"}],"replies":[{"embeddable":true,"href":"https:\/\/www.smdiament.pl\/index.php\/wp-json\/wp\/v2\/comments?post=138"}],"version-history":[{"count":32,"href":"https:\/\/www.smdiament.pl\/index.php\/wp-json\/wp\/v2\/pages\/138\/revisions"}],"predecessor-version":[{"id":5790,"href":"https:\/\/www.smdiament.pl\/index.php\/wp-json\/wp\/v2\/pages\/138\/revisions\/5790"}],"up":[{"embeddable":true,"href":"https:\/\/www.smdiament.pl\/index.php\/wp-json\/wp\/v2\/pages\/82"}],"wp:attachment":[{"href":"https:\/\/www.smdiament.pl\/index.php\/wp-json\/wp\/v2\/media?parent=138"}],"curies":[{"name":"wp","href":"https:\/\/api.w.org\/{rel}","templated":true}]}}