{"id":135,"date":"2018-05-07T09:14:39","date_gmt":"2018-05-07T07:14:39","guid":{"rendered":"http:\/\/www.smdiament.pl\/wordpress\/?page_id=135"},"modified":"2025-12-09T12:14:52","modified_gmt":"2025-12-09T11:14:52","slug":"do-pobrania","status":"publish","type":"page","link":"https:\/\/www.smdiament.pl\/index.php\/do-pobrania\/","title":{"rendered":"Do pobrania"},"content":{"rendered":"<p><a href=\"https:\/\/www.smdiament.pl\/wordpress\/wp-content\/uploads\/2023\/06\/Deklaracja-przystapienia-do-SM-Diament-2023.pdf\">Deklaracja przyst\u0105pienia do sp\u00f3\u0142dzielni<\/a><\/p>\n<p><a href=\"https:\/\/www.smdiament.pl\/wordpress\/wp-content\/uploads\/2023\/06\/Kwestionariusz-osobowy-SM-Diament-2023.pdf\">Kwestionariusz osobowy<\/a><\/p>\n<p><a href=\"https:\/\/www.smdiament.pl\/wordpress\/wp-content\/uploads\/2018\/05\/o\u015bwiadczenie-o-ochronie-danych-osobowych.pdf\">O\u015bwiadczenie lokatora &#8211; zgoda na przetwarzanie danych &#8211; RODO 2<\/a>018<\/p>\n<p><a href=\"https:\/\/www.smdiament.pl\/wordpress\/wp-content\/uploads\/2018\/05\/O\u015bwiadczenie-firmy-zgoda-na-przetwarzanie-danych-RODO-2018.pdf\">O\u015bwiadczenie firmy &#8211; zgoda na przetwarzanie danych &#8211; RODO 2018<\/a><\/p>\n<p><a href=\"https:\/\/www.smdiament.pl\/wordpress\/wp-content\/uploads\/2018\/05\/O\u015bwiadczenie-umieszczenie-nazwiska-przy-domofonie.pdf\">O\u015bwiadczenie &#8211; umieszczenie nazwiska przy domofonie<\/a><\/p>\n<p><a href=\"https:\/\/www.smdiament.pl\/wordpress\/wp-content\/uploads\/2023\/10\/Wniosek-o-udostepnienie-dokumentow-Czlonkom-SM-Diament.pdf\">Wniosek o udost\u0119pnienie dokument\u00f3w Cz\u0142onkom SM Diament<\/a><\/p>\n<p><a href=\"https:\/\/www.smdiament.pl\/wordpress\/wp-content\/uploads\/2018\/07\/Instrukcja-obs\u0142ugi-szlaban\u00f3w.pdf\">Instrukcja obs\u0142ugi szlabanu<\/a><\/p>\n<p><a href=\"https:\/\/www.smdiament.pl\/wordpress\/wp-content\/uploads\/2021\/02\/o\u015bwiadczenie_ksi\u0105\u017ceczki.pdf\">Rezygnacja z ksi\u0105\u017ceczek czynszowych\u00a0<\/a><\/p>\n<p><a href=\"https:\/\/www.smdiament.pl\/wordpress\/wp-content\/uploads\/2023\/06\/1-Pelnomocnictwo-WALNE-Zgromadzenie-2023.pdf\">Wz\u00f3r pe\u0142nomocnictwa na Walne Zgromadzenie Cz\u0142onk\u00f3w<\/a><\/p>\n\n\n<p><a href=\"https:\/\/www.smdiament.pl\/wordpress\/wp-content\/uploads\/2025\/06\/Wniosek-o-zabezpieczenie-danych-z-monitoringu-wizyjnego.pdf\">Wniosek o zabezpieczenie danych z monitoringu wizyjnego<\/a><\/p>\n\n\n\n<p><a href=\"https:\/\/www.smdiament.pl\/wordpress\/wp-content\/uploads\/2025\/12\/Oswiadczenie-o-zmianie-zaliczki-na-wode-9.12.2025.pdf\">O\u015bwiadczenie o zmianie zaliczki na pokrycie koszt\u00f3w zu\u017cycia wody<\/a><\/p>\n\n\n\n<p><a href=\"https:\/\/www.smdiament.pl\/wordpress\/wp-content\/uploads\/2025\/12\/Oswiadczenie-o-liczbie-osob-zamieszkalych.pdf\">O\u015bwiadczenie o liczbie os\u00f3b zamieszka\u0142ych w lokalu mieszkalnym<\/a> (Informacja do z\u0142o\u017cenia w Urz\u0119dzie Miasta)<\/p>\n\n\n\n<p>Instrukcja Bezpiecze\u0144stwa Po\u017carowego opracowana dla gara\u017cu podziemnego zlokalizowanego przy ulicy Ogrodowej 17 K w Piekarach \u015al\u0105skich &#8211; <strong><a href=\"https:\/\/www.smdiament.pl\/wordpress\/wp-content\/uploads\/2025\/06\/Instrukcja-Bezpieczenstwa-Pozarowego.pdf\">do pobrania<\/a><\/strong>, za\u0142\u0105czniki do Instrukcji Bezpiecze\u0144stwa Po\u017carowego &#8211; <strong><a href=\"https:\/\/www.smdiament.pl\/wordpress\/wp-content\/uploads\/2025\/06\/Instrukcja-Bezpieczenstwa-Pozarowego-zalaczniki-i-plany.pdf\">do pobrania<\/a><\/strong> .  <\/p>\n","protected":false},"excerpt":{"rendered":"<p>Deklaracja przyst\u0105pienia do sp\u00f3\u0142dzielni Kwestionariusz osobowy O\u015bwiadczenie lokatora &#8211; zgoda na przetwarzanie danych &#8211; RODO 2018 O\u015bwiadczenie firmy &#8211; zgoda na przetwarzanie danych &#8211; RODO 2018 O\u015bwiadczenie &#8211; umieszczenie nazwiska przy domofonie Wniosek o udost\u0119pnienie dokument\u00f3w Cz\u0142onkom SM Diament Instrukcja obs\u0142ugi szlabanu Rezygnacja z ksi\u0105\u017ceczek czynszowych\u00a0 Wz\u00f3r pe\u0142nomocnictwa na Walne Zgromadzenie Cz\u0142onk\u00f3w Wniosek o zabezpieczenie &hellip; <\/p>\n<p class=\"link-more\"><a href=\"https:\/\/www.smdiament.pl\/index.php\/do-pobrania\/\" class=\"more-link\">Czytaj dalej<span class=\"screen-reader-text\"> Do pobrania<\/span><\/a><\/p>\n","protected":false},"author":2,"featured_media":0,"parent":0,"menu_order":0,"comment_status":"closed","ping_status":"closed","template":"","meta":{"footnotes":""},"class_list":["post-135","page","type-page","status-publish","hentry"],"_links":{"self":[{"href":"https:\/\/www.smdiament.pl\/index.php\/wp-json\/wp\/v2\/pages\/135","targetHints":{"allow":["GET"]}}],"collection":[{"href":"https:\/\/www.smdiament.pl\/index.php\/wp-json\/wp\/v2\/pages"}],"about":[{"href":"https:\/\/www.smdiament.pl\/index.php\/wp-json\/wp\/v2\/types\/page"}],"author":[{"embeddable":true,"href":"https:\/\/www.smdiament.pl\/index.php\/wp-json\/wp\/v2\/users\/2"}],"replies":[{"embeddable":true,"href":"https:\/\/www.smdiament.pl\/index.php\/wp-json\/wp\/v2\/comments?post=135"}],"version-history":[{"count":31,"href":"https:\/\/www.smdiament.pl\/index.php\/wp-json\/wp\/v2\/pages\/135\/revisions"}],"predecessor-version":[{"id":5739,"href":"https:\/\/www.smdiament.pl\/index.php\/wp-json\/wp\/v2\/pages\/135\/revisions\/5739"}],"wp:attachment":[{"href":"https:\/\/www.smdiament.pl\/index.php\/wp-json\/wp\/v2\/media?parent=135"}],"curies":[{"name":"wp","href":"https:\/\/api.w.org\/{rel}","templated":true}]}}