{"id":126,"date":"2018-05-07T09:02:26","date_gmt":"2018-05-07T07:02:26","guid":{"rendered":"http:\/\/www.smdiament.pl\/wordpress\/?page_id=126"},"modified":"2019-07-11T11:26:38","modified_gmt":"2019-07-11T09:26:38","slug":"poradnik","status":"publish","type":"page","link":"https:\/\/www.smdiament.pl\/index.php\/przydatne-informacje\/poradnik\/","title":{"rendered":"Poradnik"},"content":{"rendered":"<h2><\/h2>\n<p style=\"text-align: center;\"><span style=\"color: #000080;\"><strong>ZASADY SELEKTYWNEJ ZBI\u00d3RKI ODPAD\u00d3W<\/strong><\/span><\/p>\n<p>Codziennie wyrzucamy mn\u00f3stwo \u015bmieci, przeci\u0119tny Polak produkuje ok. 320 kg odpad\u00f3w rocznie.\u00a0 Z uwagi na rosn\u0105ce op\u0142aty za \u015bmieci apelujemy o ich segregacj\u0119!<\/p>\n<div class=\"wpb_text_column wpb_content_element \">\n<div class=\"wpb_wrapper\">\n<h4>Segreguj\u0105c pami\u0119taj te\u017c o tym, aby:<\/h4>\n<\/div>\n<\/div>\n<div class=\"divider-wrap\">\n<div class=\"divider\"><\/div>\n<\/div>\n<div class=\"nectar-fancy-ul\" data-list-icon=\"icon-salient-thin-line\" data-animation=\"false\" data-animation-delay=\"0\" data-color=\"accent-color\">\n<ul>\n<li><i class=\"icon-default-style icon-salient-thin-line accent-color\"><\/i>zgniata\u0107 puszki, kartony i butelki plastikowe przed wrzuceniem do pojemnika;<\/li>\n<li><i class=\"icon-default-style icon-salient-thin-line accent-color\"><\/i>wyrzuca\u0107 butelki bez nakr\u0119tek i kork\u00f3w;<\/li>\n<li><i class=\"icon-default-style icon-salient-thin-line accent-color\"><\/i>sprawdza\u0107 znak na opakowaniu, kt\u00f3ry informuje o tym, co nale\u017cy z nim zrobi\u0107 po wykorzystaniu zawarto\u015bci.<\/li>\n<\/ul>\n<p>Poni\u017cej podajemy link do strony, gdzie znajduj\u0105 si\u0119 cenne wskaz\u00f3wki jak post\u0119powa\u0107 i w jaki spos\u00f3b segregowa\u0107 odpady oraz harmonogram wywozu w poszczeg\u00f3lnych miastach.<\/p>\n<\/div>\n<p><a href=\"http:\/\/mpgk.com.pl\/edukacja\/#segregacja\">kliknij tutaj<\/a><\/p>\n<p><a href=\"https:\/\/www.alba.com.pl\/odbior_odpadow_wywoz_smieci\/chorzow\">Harmonogram wywozu w Chorzowie<\/a><\/p>\n<p><a href=\"http:\/\/mpgk.com.pl\/dla-mieszkancow\/#hwo\">Harmonogram wywozu w Katowicach<\/a><\/p>\n<p><a href=\"https:\/\/piekary.pl\/srodowisko\/harmonogram-odbioru-odpadow\/\">Harmonogram wywozu w Piekarach \u015al\u0105skich<\/a><\/p>\n<hr \/>\n<h4 style=\"text-align: center;\"><span style=\"color: #000080;\"><strong>INSTRUKCJA OBS\u0141UGI SZLABAN\u00d3W<\/strong><\/span><\/h4>\n<p>Uprzejmie informujemy, \u017ce w korytarzach piwnicznych przy ul. Kalwaryjskiej w Piekarach \u015al\u0105skich oraz przy ul. Modelarskiej w Katowicach ( klatka 28 i 28e) zamontowano skrzynki, w kt\u00f3rych znajduje si\u0119 klucz s\u0142u\u017c\u0105cy do awaryjnego odblokowania szlabanu. W przypadku braku pr\u0105du lub innej awarii, prosimy post\u0119powa\u0107 zgodnie z instrukcj\u0105 &#8211;<span style=\"color: #ff6600;\"><a style=\"color: #ff6600;\" href=\"https:\/\/www.smdiament.pl\/wordpress\/wp-content\/uploads\/2018\/07\/Instrukcja-obs%C5%82ugi-szlaban%C3%B3w.pdf\"> kliknij tutaj<\/a> <\/span>&#8211; oraz niezw\u0142ocznie powiadomi\u0107 s\u0142uzby techniczne Sp\u00f3\u0142dzielni o ewentualnym zbiciu szybki i skorzystaniu z klucza. Klucz nale\u017cy przekaza\u0107 pracownikowi Sp\u00f3\u0142dzielni.<\/p>\n<hr \/>\n<p style=\"text-align: center;\"><span style=\"color: #000080;\"><strong>PRAKTYCZNE RADY I SPOSOBY OSZCZ\u0118DZANIA CIEP\u0141A<\/strong><\/span><\/p>\n<p>Przypominamy wszystkim mieszka\u0144com o konieczno\u015bci racjonalnego u\u017cywania ciep\u0142a w mieszkaniach. Od Pa\u0144stwa dzia\u0142ania zale\u017c\u0105 w du\u017cej mierze op\u0142aty jakie wnosimy za zu\u017cyte ciep\u0142o do Przedsi\u0119biorstwa Energetyki Cieplnej.<\/p>\n<p>Grzejniki w mieszkaniach posiadaj\u0105 zawory termostatyczne z g\u0142owicami (bia\u0142e pokr\u0119t\u0142a), kt\u00f3re reguluj\u0105 dop\u0142yw ciep\u0142a i utrzymuj\u0105 \u017c\u0105dan\u0105 temperatur\u0119 w pomieszczeniu. Korzystajmy z nich, zw\u0142aszcza w dniach, kiedy na zewn\u0105trz jest wysoka temperatura. Wietrzmy mieszkania intensywnie i kr\u00f3tko przy wy\u0142\u0105czonym zaworze (pokr\u0119t\u0142o g\u0142owicy na *), a po zako\u0144czeniu wietrzenia g\u0142owic\u0119 nale\u017cy ustawi\u0107 w poprzednim po\u0142o\u017ceniu. Pozwoli to unikn\u0105\u0107 zb\u0119dnego ubytku ciep\u0142a. Cz\u0119sto pozostawiamy otwarte okna na ca\u0142y dzie\u0144 nie przykr\u0119caj\u0161c zawor\u00f3w, przez co &#8222;wypuszczamy&#8221; ciep\u0142o, za kt\u00f3re p\u0142acimy prawie po\u0142ow\u0119 op\u0142at czynszowych !<\/p>\n<p><b>Radzimy r\u00f3wnie\u017c, aby:<\/b><\/p>\n<p>* Nie zas\u0142ania\u0107 grzejnik\u00f3w i g\u0142owic zawor\u00f3w grubymi zas\u0142onami, meblami i os\u0142onami w celu w\u0142a\u015bciwego wykorzystania ciep\u0142a oddawanego przez grzejniki i prawid\u0142owej regulacji zawor\u00f3w,<br \/>\n* Utrzymywa\u0107 temperatur\u0119 w pomieszczeniach stosownie do indywidualnych wymaga\u0144, nie przegrzewaj\u0105c ich,<br \/>\n* Obni\u017ca\u0107 temperatur\u0119 w nocy,<br \/>\n* Ogranicza\u0107 zu\u017cycie ciep\u0142a, gdy w mieszkaniu nikt nie przebywa, jednak tak aby nie dzia\u0142a\u0107 niszcz\u0105co na \u015bciany budynku i nie pogarsza\u0107 warunk\u00f3w bytowych innych mieszka\u0144c\u00f3w (zbytnio nie wych\u0142adza\u0107 mieszka\u0144.<\/p>\n<hr \/>\n<p style=\"text-align: center;\"><span style=\"color: #000080;\"><strong>UWAGA WA\u017bNE!<\/strong><\/span><\/p>\n<p>Zarz\u0105d Sp\u00f3\u0142dzielni Mieszkaniowej &#8222;Diament&#8221; uprzejmie przypomina, i\u017c zgodnie z \u00a7 15 Regulaminu U\u017cywania Lokali i Porz\u0105dku Domowego (&#8230;),\u00a0<b>wszelkie przer\u00f3bki w lokalach, nie wy\u0142\u0105czaj\u0105c instalacji (&#8230;) mog\u0105 by\u0107 dokonywane jedynie za pisemn\u0105 zgod\u0105 Zarz\u0105du Sp\u00f3\u0142dzielni i przy zachowaniu przepis\u00f3w prawa budowlanego.<\/b><\/p>\n<p>Opr\u00f3cz og\u00f3lnie znanych zagro\u017ce\u0144 mog\u0105cych spowodowa\u0107 nara\u017cenie zdrowia i \u017cycia mieszka\u0144c\u00f3w, Zarz\u0105d Sp\u00f3\u0142dzielni pragnie zwr\u00f3ci\u0107 szczeg\u00f3ln\u0105 uwag\u0119 na fakt, i\u017c w ostatnim czasie w \u0142azienkach zamienia si\u0119 wanny na kabiny prycznicowe. Zamiana ta podyktowana jest ch\u0119ci\u0105 oszcz\u0119dzania wody w czasie k\u0105pieli przez u\u017cytkownik\u00f3w mieszka\u0144, stanowi wznios\u0142y cel oszcz\u0119dno\u015bci lecz mo\u017ce poci\u0105ga\u0107 za sob\u0105 tragiczne skutki.<\/p>\n<p>W czasie k\u0105pieli w kabinie w \u0142azience, w kt\u00f3rej zainstalowany jest gazowy ogrzewacz wody, systematycznie wzrasta ilo\u015b\u0107 ci\u0119\u017ckich i \u015bmiertelnych wypadk\u00f3w k\u0105pi\u0105cych si\u0119 os\u00f3b. W mieszkaniu, w kt\u00f3rym zamiast wanny zastosowano kabin\u0119 prysznicow\u0105,<\/p>\n<p><strong><span style=\"color: #ff0000;\">Nale\u017cy bezwzgl\u0119dnie gazowy ogrzewacz wody PRZENIE\u015a\u0106 DO KUCHNI !<\/span><\/strong><\/p>\n<p>Jest to jedyny spos\u00f3b na wyeliminowanie zagro\u017cenia utraty \u017cycia u\u017cytkownik\u00f3w \u0142azienki z kabin\u0105 prysznicow\u0105.<\/p>\n<p>Zarz\u0105d Sp\u00f3\u0142dzielni informuje, i\u017c bez uprzedniego przeniesienia gazowego ogrzewacza wody do kuchni, nie wyrazi zgody na monta\u017c kabiny prysznicowej w \u0142azience, gdy\u017c ka\u017cde dzia\u0142anie gazowego ogrzewacza wody stwarza potencjalne zagro\u017cenie utraty zdrowia, a nawet \u017cycia u\u017cytkownik\u00f3w takich lokali.<\/p>\n","protected":false},"excerpt":{"rendered":"<p>ZASADY SELEKTYWNEJ ZBI\u00d3RKI ODPAD\u00d3W Codziennie wyrzucamy mn\u00f3stwo \u015bmieci, przeci\u0119tny Polak produkuje ok. 320 kg odpad\u00f3w rocznie.\u00a0 Z uwagi na rosn\u0105ce op\u0142aty za \u015bmieci apelujemy o ich segregacj\u0119! Segreguj\u0105c pami\u0119taj te\u017c o tym, aby: zgniata\u0107 puszki, kartony i butelki plastikowe przed wrzuceniem do pojemnika; wyrzuca\u0107 butelki bez nakr\u0119tek i kork\u00f3w; sprawdza\u0107 znak na opakowaniu, kt\u00f3ry informuje &hellip; <\/p>\n<p class=\"link-more\"><a href=\"https:\/\/www.smdiament.pl\/index.php\/przydatne-informacje\/poradnik\/\" class=\"more-link\">Czytaj dalej<span class=\"screen-reader-text\"> Poradnik<\/span><\/a><\/p>\n","protected":false},"author":2,"featured_media":0,"parent":112,"menu_order":0,"comment_status":"closed","ping_status":"closed","template":"","meta":{"footnotes":""},"class_list":["post-126","page","type-page","status-publish","hentry"],"_links":{"self":[{"href":"https:\/\/www.smdiament.pl\/index.php\/wp-json\/wp\/v2\/pages\/126","targetHints":{"allow":["GET"]}}],"collection":[{"href":"https:\/\/www.smdiament.pl\/index.php\/wp-json\/wp\/v2\/pages"}],"about":[{"href":"https:\/\/www.smdiament.pl\/index.php\/wp-json\/wp\/v2\/types\/page"}],"author":[{"embeddable":true,"href":"https:\/\/www.smdiament.pl\/index.php\/wp-json\/wp\/v2\/users\/2"}],"replies":[{"embeddable":true,"href":"https:\/\/www.smdiament.pl\/index.php\/wp-json\/wp\/v2\/comments?post=126"}],"version-history":[{"count":17,"href":"https:\/\/www.smdiament.pl\/index.php\/wp-json\/wp\/v2\/pages\/126\/revisions"}],"predecessor-version":[{"id":1286,"href":"https:\/\/www.smdiament.pl\/index.php\/wp-json\/wp\/v2\/pages\/126\/revisions\/1286"}],"up":[{"embeddable":true,"href":"https:\/\/www.smdiament.pl\/index.php\/wp-json\/wp\/v2\/pages\/112"}],"wp:attachment":[{"href":"https:\/\/www.smdiament.pl\/index.php\/wp-json\/wp\/v2\/media?parent=126"}],"curies":[{"name":"wp","href":"https:\/\/api.w.org\/{rel}","templated":true}]}}