{"id":112,"date":"2018-05-07T08:43:40","date_gmt":"2018-05-07T06:43:40","guid":{"rendered":"http:\/\/www.smdiament.pl\/wordpress\/?page_id=112"},"modified":"2018-06-12T10:26:54","modified_gmt":"2018-06-12T08:26:54","slug":"przydatne-informacje","status":"publish","type":"page","link":"https:\/\/www.smdiament.pl\/index.php\/przydatne-informacje\/","title":{"rendered":"Przydatne informacje"},"content":{"rendered":"<p>Wszystko, co powinno si\u0119 wiedzie\u0107 umieszczono w odpowiednich zak\u0142adkach. Zapraszamy.<\/p>\n","protected":false},"excerpt":{"rendered":"<p>Wszystko, co powinno si\u0119 wiedzie\u0107 umieszczono w odpowiednich zak\u0142adkach. Zapraszamy.<\/p>\n","protected":false},"author":2,"featured_media":0,"parent":0,"menu_order":0,"comment_status":"closed","ping_status":"closed","template":"","meta":{"footnotes":""},"class_list":["post-112","page","type-page","status-publish","hentry"],"_links":{"self":[{"href":"https:\/\/www.smdiament.pl\/index.php\/wp-json\/wp\/v2\/pages\/112","targetHints":{"allow":["GET"]}}],"collection":[{"href":"https:\/\/www.smdiament.pl\/index.php\/wp-json\/wp\/v2\/pages"}],"about":[{"href":"https:\/\/www.smdiament.pl\/index.php\/wp-json\/wp\/v2\/types\/page"}],"author":[{"embeddable":true,"href":"https:\/\/www.smdiament.pl\/index.php\/wp-json\/wp\/v2\/users\/2"}],"replies":[{"embeddable":true,"href":"https:\/\/www.smdiament.pl\/index.php\/wp-json\/wp\/v2\/comments?post=112"}],"version-history":[{"count":2,"href":"https:\/\/www.smdiament.pl\/index.php\/wp-json\/wp\/v2\/pages\/112\/revisions"}],"predecessor-version":[{"id":325,"href":"https:\/\/www.smdiament.pl\/index.php\/wp-json\/wp\/v2\/pages\/112\/revisions\/325"}],"wp:attachment":[{"href":"https:\/\/www.smdiament.pl\/index.php\/wp-json\/wp\/v2\/media?parent=112"}],"curies":[{"name":"wp","href":"https:\/\/api.w.org\/{rel}","templated":true}]}}