{"id":106,"date":"2018-05-07T08:40:57","date_gmt":"2018-05-07T06:40:57","guid":{"rendered":"http:\/\/www.smdiament.pl\/wordpress\/?page_id=106"},"modified":"2026-02-03T14:25:25","modified_gmt":"2026-02-03T13:25:25","slug":"remonty","status":"publish","type":"page","link":"https:\/\/www.smdiament.pl\/index.php\/remonty\/","title":{"rendered":"Plan remont\u00f3w"},"content":{"rendered":"\n<p><strong><mark style=\"background-color:rgba(0, 0, 0, 0);color:#0205fd\" class=\"has-inline-color\">PLAN REMONT\u00d3W NA ROK 2026<\/mark><\/strong><\/p>\n\n\n\n<p><mark style=\"background-color:rgba(0, 0, 0, 0)\" class=\"has-inline-color has-vivid-cyan-blue-color\"><a href=\"https:\/\/www.smdiament.pl\/wordpress\/wp-content\/uploads\/2026\/02\/2026-plan-remontow-2026-strona-spoldzielni-AK.pdf\">>>>kliknij tutaj&lt;&lt;&lt;<\/a><\/mark><\/p>\n\n\n<p><span style=\"color: #0000ff;\"><strong>PLAN REMONT\u00d3W NA ROK 2025<\/strong><\/span><\/p>\n<p><a href=\"https:\/\/www.smdiament.pl\/wordpress\/wp-content\/uploads\/2025\/02\/plan-remontow-2025.pdf\">&gt;&gt;&gt;kliknij tutaj&lt;&lt;&lt;<\/a><\/p>\n<p><span style=\"color: #0000ff;\"><strong>PLAN REMONT\u00d3W NA ROK 2024<\/strong><\/span><\/p>\n<p><a href=\"https:\/\/www.smdiament.pl\/wordpress\/wp-content\/uploads\/2024\/01\/GL-Plan-2024.pdf\">&gt;&gt;&gt;kliknij tutaj&lt;&lt;&lt;<\/a><\/p>\n<p><span style=\"color: #0000ff;\"><strong>PLAN REMONT\u00d3W NA ROK 2023<\/strong><\/span><\/p>\n<p><a href=\"https:\/\/www.smdiament.pl\/wordpress\/wp-content\/uploads\/2023\/01\/Pl-Rem-2023_zatwierdzony-przez-RN.pdf\">&gt;&gt;&gt;kliknij tutaj&lt;&lt;&lt;<\/a><\/p>","protected":false},"excerpt":{"rendered":"<p>PLAN REMONT\u00d3W NA ROK 2026 >>>kliknij tutaj&lt;&lt;&lt; PLAN REMONT\u00d3W NA ROK 2025 &gt;&gt;&gt;kliknij tutaj&lt;&lt;&lt; PLAN REMONT\u00d3W NA ROK 2024 &gt;&gt;&gt;kliknij tutaj&lt;&lt;&lt; PLAN REMONT\u00d3W NA ROK 2023 &gt;&gt;&gt;kliknij tutaj&lt;&lt;&lt;<\/p>\n","protected":false},"author":2,"featured_media":0,"parent":0,"menu_order":0,"comment_status":"closed","ping_status":"closed","template":"","meta":{"footnotes":""},"class_list":["post-106","page","type-page","status-publish","hentry"],"_links":{"self":[{"href":"https:\/\/www.smdiament.pl\/index.php\/wp-json\/wp\/v2\/pages\/106","targetHints":{"allow":["GET"]}}],"collection":[{"href":"https:\/\/www.smdiament.pl\/index.php\/wp-json\/wp\/v2\/pages"}],"about":[{"href":"https:\/\/www.smdiament.pl\/index.php\/wp-json\/wp\/v2\/types\/page"}],"author":[{"embeddable":true,"href":"https:\/\/www.smdiament.pl\/index.php\/wp-json\/wp\/v2\/users\/2"}],"replies":[{"embeddable":true,"href":"https:\/\/www.smdiament.pl\/index.php\/wp-json\/wp\/v2\/comments?post=106"}],"version-history":[{"count":34,"href":"https:\/\/www.smdiament.pl\/index.php\/wp-json\/wp\/v2\/pages\/106\/revisions"}],"predecessor-version":[{"id":5770,"href":"https:\/\/www.smdiament.pl\/index.php\/wp-json\/wp\/v2\/pages\/106\/revisions\/5770"}],"wp:attachment":[{"href":"https:\/\/www.smdiament.pl\/index.php\/wp-json\/wp\/v2\/media?parent=106"}],"curies":[{"name":"wp","href":"https:\/\/api.w.org\/{rel}","templated":true}]}}