{"id":100,"date":"2018-05-07T08:33:29","date_gmt":"2018-05-07T06:33:29","guid":{"rendered":"http:\/\/www.smdiament.pl\/wordpress\/?page_id=100"},"modified":"2024-04-12T07:45:28","modified_gmt":"2024-04-12T05:45:28","slug":"lokale-mieszkalne","status":"publish","type":"page","link":"https:\/\/www.smdiament.pl\/index.php\/ogloszenia\/lokale-mieszkalne\/","title":{"rendered":"Lokale mieszkalne"},"content":{"rendered":"<p>W ofercie bezprzetargowej Sp\u00f3\u0142dzielnia Mieszkaniowa \u201eDiament\u201d oferuje nast\u0119puj\u0105ce wolne lokale mieszkalne:<\/p>\n<p><strong>Chorz\u00f3w, ul. Maciejkowicka 2 &#8211; pomieszczenia znajduj\u0105 si\u0119 na strychu budynku:<\/strong><\/p>\n<ul>\n<li><span style=\"color: #000080;\">Maciejkowicka 2\/9<\/span> \u2013 o powierzchni 36,96 m\u00b2, lokal mieszkalny posiada instalacj\u0119 wodno\u2013kanalizacyjn\u0105 oraz ubikacj\u0119 wsp\u00f3ln\u0105 na p\u00f3\u0142pi\u0119trze nieruchomo\u015bci,<\/li>\n<li><span style=\"color: #000080;\">Maciejkowicka 2\/18<\/span> \u2013 o powierzchni 37,05 m\u00b2, lokal mieszkalny posiada instalacj\u0119 wodno\u2013kanalizacyjn\u0105 oraz ubikacj\u0119 wsp\u00f3ln\u0105 na p\u00f3\u0142pi\u0119trze nieruchomo\u015bci.<\/li>\n<\/ul>\n<p>Dodatkowych informacji mo\u017cna uzyska\u0107 pod numerem telefonu (32) 767 66 16 wew. 35 lub w siedzibie\u00a0\u00a0 Sp\u00f3\u0142dzielni Mieszkaniowej \u201eDIAMENT\u201d w Piekarach \u015al\u0105skich przy ul. Ogrodowej 17K.\u00a0 <strong>\u00a0 <\/strong><\/p>\n<hr \/>\n<p style=\"text-align: center;\"><strong>Inne oferty dost\u0119pnych lokali mieszkalnych znajduj\u0105 si\u0119 <\/strong><\/p>\n<p style=\"text-align: center;\"><strong>w zak\u0142adce <span style=\"color: #ff0000;\"><a style=\"color: #ff0000;\" href=\"https:\/\/www.smdiament.pl\/index.php\/przetargi\/lokale-mieszkalne\/\">&#8222;Przetar<\/a>gi&#8221;<\/span>, <\/strong><strong>na kt\u00f3r\u0105 zapraszamy.<\/strong><\/p>\n","protected":false},"excerpt":{"rendered":"<p>W ofercie bezprzetargowej Sp\u00f3\u0142dzielnia Mieszkaniowa \u201eDiament\u201d oferuje nast\u0119puj\u0105ce wolne lokale mieszkalne: Chorz\u00f3w, ul. Maciejkowicka 2 &#8211; pomieszczenia znajduj\u0105 si\u0119 na strychu budynku: Maciejkowicka 2\/9 \u2013 o powierzchni 36,96 m\u00b2, lokal mieszkalny posiada instalacj\u0119 wodno\u2013kanalizacyjn\u0105 oraz ubikacj\u0119 wsp\u00f3ln\u0105 na p\u00f3\u0142pi\u0119trze nieruchomo\u015bci, Maciejkowicka 2\/18 \u2013 o powierzchni 37,05 m\u00b2, lokal mieszkalny posiada instalacj\u0119 wodno\u2013kanalizacyjn\u0105 oraz ubikacj\u0119 wsp\u00f3ln\u0105 &hellip; <\/p>\n<p class=\"link-more\"><a href=\"https:\/\/www.smdiament.pl\/index.php\/ogloszenia\/lokale-mieszkalne\/\" class=\"more-link\">Czytaj dalej<span class=\"screen-reader-text\"> Lokale mieszkalne<\/span><\/a><\/p>\n","protected":false},"author":2,"featured_media":0,"parent":97,"menu_order":0,"comment_status":"closed","ping_status":"closed","template":"","meta":{"footnotes":""},"class_list":["post-100","page","type-page","status-publish","hentry"],"_links":{"self":[{"href":"https:\/\/www.smdiament.pl\/index.php\/wp-json\/wp\/v2\/pages\/100","targetHints":{"allow":["GET"]}}],"collection":[{"href":"https:\/\/www.smdiament.pl\/index.php\/wp-json\/wp\/v2\/pages"}],"about":[{"href":"https:\/\/www.smdiament.pl\/index.php\/wp-json\/wp\/v2\/types\/page"}],"author":[{"embeddable":true,"href":"https:\/\/www.smdiament.pl\/index.php\/wp-json\/wp\/v2\/users\/2"}],"replies":[{"embeddable":true,"href":"https:\/\/www.smdiament.pl\/index.php\/wp-json\/wp\/v2\/comments?post=100"}],"version-history":[{"count":20,"href":"https:\/\/www.smdiament.pl\/index.php\/wp-json\/wp\/v2\/pages\/100\/revisions"}],"predecessor-version":[{"id":3938,"href":"https:\/\/www.smdiament.pl\/index.php\/wp-json\/wp\/v2\/pages\/100\/revisions\/3938"}],"up":[{"embeddable":true,"href":"https:\/\/www.smdiament.pl\/index.php\/wp-json\/wp\/v2\/pages\/97"}],"wp:attachment":[{"href":"https:\/\/www.smdiament.pl\/index.php\/wp-json\/wp\/v2\/media?parent=100"}],"curies":[{"name":"wp","href":"https:\/\/api.w.org\/{rel}","templated":true}]}}